{"id":10,"date":"2016-09-02T19:30:36","date_gmt":"2016-09-02T19:30:36","guid":{"rendered":"http:\/\/jaszkonyvtar.hu\/site4\/?page_id=10"},"modified":"2018-06-17T09:29:30","modified_gmt":"2018-06-17T09:29:30","slug":"kapcsolat","status":"publish","type":"page","link":"https:\/\/berenypenztargep.hu\/index.php\/kapcsolat\/","title":{"rendered":"Kapcsolat"},"content":{"rendered":"<p><code>\n<div class=\"adaptive-map\" id=\"map69e46170024de\">\n<a href=\"https:\/\/maps.apple.com\/maps?q=5100+J\u00e1szber\u00e9ny+Kossuth+utca+10-12\" class=\"map-link\" id=\"maplink69e46170024de\">View Map<\/a>\n\n\n<script>\n  document.addEventListener( 'DOMContentLoaded', buildMap69e46170024de );\n  window.addEventListener( 'resize', buildMap69e46170024de, false );\n\n  function buildMap69e46170024de() {\n  var address = '5100+J\u00e1szber\u00e9ny+Kossuth+utca+10-12',\n    staticSize = '640x320',\n    amap69e46170024de = {\n      id  : '69e46170024de',\n      bp : 550,\n      staticMap : 'http:\/\/maps.google.com\/maps\/api\/staticmap?center=' + address + '&markers=' + address + '&size=' + staticSize + '&sensor=true',\n      embedMap : '<iframe loading=\"lazy\" width=\"980\" height=\"650\" frameborder=\"0\" scrolling=\"no\" marginheight=\"0\" marginwidth=\"0\" src=\"https:\/\/maps.google.com\/maps?q=' + address + '&output=embed\"><\/iframe>',\n    };\n\n    buildMap(amap69e46170024de);\n  }\n<\/script>\n\n\n\n<style type='text\/css'>\n.static-img {\n  display: block;\n}\n\n.adaptive-map iframe {\n  max-width: 100%;\n}\n\n\/* From http:\/\/codepen.io\/chriscoyier\/full\/kycDp *\/\n.amap-container {\n  width: 100%;\n  margin: 0 auto;\n  height: 0;\n  padding-top: 38%;\n  position: relative;\n  display: none;\n  \/* Hide for small screens *\/\n}\n.amap-container iframe {\n  width: 100%;\n  height: 100%;\n  \/* had to specify height\/width *\/\n  position: absolute;\n  top: 0;\n  right: 0;\n  left: 0;\n  bottom: 0;\n}\n\n\/* Medium Screens *\/\n@media all and (min-width: 550px) {\n  .amap-container {\n    display: block;\n  }\n\n  .static-img {\n    display: none;\n  }\n}\n<\/style>\n\n\n<\/div><!-- adaptive map -->\n<\/code><\/p>\n<p><strong>C\u00edm:<\/strong><br \/>\n5100 J\u00e1szber\u00e9ny, Kossuth \u00fat 10-12.<br \/>\n(Piact\u00e9ri \u00fczletsor)<\/p>\n<p><strong>Tel.\/Fax:<\/strong> 57\/414-361<br \/>\n<strong>Mobil:<\/strong> 20\/411-9991 T\u00f3th Attila<\/p>\n<p><strong>e-mail:<\/strong><br \/>\nberenycash@gmail.com<\/p>\n<p><strong>Nyitvatart\u00e1s:<\/strong><br \/>\nH-P: 09:00-12:00, 13:30-17:00<br \/>\nSzo: 09:00-12:00<\/p>\n","protected":false},"excerpt":{"rendered":"<p>C\u00edm: 5100 J\u00e1szber\u00e9ny, Kossuth \u00fat 10-12. (Piact\u00e9ri \u00fczletsor) Tel.\/Fax: 57\/414-361 Mobil: 20\/411-9991 T\u00f3th Attila e-mail: berenycash@gmail.com Nyitvatart\u00e1s: H-P: 09:00-12:00, 13:30-17:00 Szo: 09:00-12:00<\/p>\n","protected":false},"author":1,"featured_media":0,"parent":0,"menu_order":0,"comment_status":"closed","ping_status":"closed","template":"","meta":{"footnotes":""},"class_list":["post-10","page","type-page","status-publish","hentry"],"_links":{"self":[{"href":"https:\/\/berenypenztargep.hu\/index.php\/wp-json\/wp\/v2\/pages\/10"}],"collection":[{"href":"https:\/\/berenypenztargep.hu\/index.php\/wp-json\/wp\/v2\/pages"}],"about":[{"href":"https:\/\/berenypenztargep.hu\/index.php\/wp-json\/wp\/v2\/types\/page"}],"author":[{"embeddable":true,"href":"https:\/\/berenypenztargep.hu\/index.php\/wp-json\/wp\/v2\/users\/1"}],"replies":[{"embeddable":true,"href":"https:\/\/berenypenztargep.hu\/index.php\/wp-json\/wp\/v2\/comments?post=10"}],"version-history":[{"count":7,"href":"https:\/\/berenypenztargep.hu\/index.php\/wp-json\/wp\/v2\/pages\/10\/revisions"}],"predecessor-version":[{"id":166,"href":"https:\/\/berenypenztargep.hu\/index.php\/wp-json\/wp\/v2\/pages\/10\/revisions\/166"}],"wp:attachment":[{"href":"https:\/\/berenypenztargep.hu\/index.php\/wp-json\/wp\/v2\/media?parent=10"}],"curies":[{"name":"wp","href":"https:\/\/api.w.org\/{rel}","templated":true}]}}