{"id":169,"date":"2025-10-17T17:32:50","date_gmt":"2025-10-17T17:32:50","guid":{"rendered":"https:\/\/berenypenztargep.hu\/?page_id=169"},"modified":"2025-10-21T08:43:00","modified_gmt":"2025-10-21T08:43:00","slug":"apple-termekek","status":"publish","type":"page","link":"https:\/\/berenypenztargep.hu\/index.php\/apple-termekek\/","title":{"rendered":"Apple term\u00e9kek"},"content":{"rendered":"<table>\n<tbody>\n<tr>\n<th>13 h\u00fcvelyes, M4 chipes MacBook Air<\/th>\n<th>APPLE MacBook Pro 2024 14,2&#8243;<\/th>\n<th>M4 chipes Mac mini<\/th>\n<\/tr>\n<tr>\n<td><strong>10 magos CPU<br \/>\n8 magos GPU<br \/>\n16 GB egyes\u00edtett mem\u00f3ria<br \/>\n256 GB-os SSD-t\u00e1rol\u00f3<\/strong><br \/>\n16 magos Neural Engine<br \/>\n13,6 h\u00fcvelykes Liquid Retina kijelz\u0151 True Tone technol\u00f3gi\u00e1val<br \/>\n12MP Center Stage kamera<br \/>\nMagSafe 3 t\u00f6lt\u0151port<br \/>\nK\u00e9t Thunderbolt 4 port<br \/>\nAk\u00e1r k\u00e9t k\u00fcls\u0151 kijelz\u0151 t\u00e1mogat\u00e1sa<br \/>\nMagic Keyboard Touch ID\u2011val<br \/>\nForce Touch \u00e9rint\u0151pad<br \/>\n30 wattos USB\u2011C h\u00e1l\u00f3zati adapter \u00c9gk\u00e9k, ez\u00fcst, csillagf\u00e9ny vagy \u00e9jfekete sz\u00ednben<\/td>\n<td><strong>M4 10 magos CPU<br \/>\n10 magos GPU<br \/>\n16 GB egyes\u00edtett mem\u00f3ria<br \/>\n512 GB\u2011os SSD\u2011t\u00e1rol\u00f3<\/strong><br \/>\n16 magos Neural Engine<br \/>\n14 h\u00fcvelykes Liquid Retina XDR-kijelz\u0151<br \/>\n3x USB Thunderbolt 4 (USB-C)<br \/>\nMagSafe 3<br \/>\nHDMI<br \/>\n3.5 mm mikrofon be\/fejhallgat\u00f3 ki, Asztrofekete vagy ez\u00fcst sz\u00ednben<\/td>\n<td><strong>10 magos CPU<br \/>\n10 magos GPU<br \/>\n16 GB egyes\u00edtett mem\u00f3ria<br \/>\n256 GB\u2011os SSD\u2011t\u00e1rol\u00f3<\/strong><br \/>\n16 magos Neural Engine<br \/>\nEl\u0151oldal: k\u00e9t USB-C port, fejhallgat\u00f3-csatlakoz\u00f3<br \/>\nH\u00e1toldal: h\u00e1rom Thunderbolt 4 port, HDMI\u2011port, gigabites Ethernet-port<\/td>\n<\/tr>\n<tr>\n<td><strong>Brutto 499 990 Ft<\/strong><\/td>\n<td><strong>Brutto 799 990 Ft<\/strong><\/td>\n<td><strong>Brutto 299 990 Ft<\/strong><\/td>\n<\/tr>\n<\/tbody>\n<\/table>\n<p>&nbsp;<\/p>\n<p>&nbsp;<\/p>\n","protected":false},"excerpt":{"rendered":"<p>13 h\u00fcvelyes, M4 chipes MacBook Air APPLE MacBook Pro 2024 14,2&#8243; M4 chipes Mac mini 10 magos CPU 8 magos GPU 16 GB egyes\u00edtett mem\u00f3ria 256 GB-os SSD-t\u00e1rol\u00f3 16 magos Neural Engine 13,6 h\u00fcvelykes Liquid Retina kijelz\u0151 True Tone technol\u00f3gi\u00e1val 12MP Center Stage kamera MagSafe 3 t\u00f6lt\u0151port K\u00e9t Thunderbolt 4 port Ak\u00e1r k\u00e9t k\u00fcls\u0151 kijelz\u0151 [&hellip;]<\/p>\n","protected":false},"author":1,"featured_media":0,"parent":0,"menu_order":0,"comment_status":"closed","ping_status":"closed","template":"","meta":{"footnotes":""},"class_list":["post-169","page","type-page","status-publish","hentry"],"_links":{"self":[{"href":"https:\/\/berenypenztargep.hu\/index.php\/wp-json\/wp\/v2\/pages\/169"}],"collection":[{"href":"https:\/\/berenypenztargep.hu\/index.php\/wp-json\/wp\/v2\/pages"}],"about":[{"href":"https:\/\/berenypenztargep.hu\/index.php\/wp-json\/wp\/v2\/types\/page"}],"author":[{"embeddable":true,"href":"https:\/\/berenypenztargep.hu\/index.php\/wp-json\/wp\/v2\/users\/1"}],"replies":[{"embeddable":true,"href":"https:\/\/berenypenztargep.hu\/index.php\/wp-json\/wp\/v2\/comments?post=169"}],"version-history":[{"count":20,"href":"https:\/\/berenypenztargep.hu\/index.php\/wp-json\/wp\/v2\/pages\/169\/revisions"}],"predecessor-version":[{"id":206,"href":"https:\/\/berenypenztargep.hu\/index.php\/wp-json\/wp\/v2\/pages\/169\/revisions\/206"}],"wp:attachment":[{"href":"https:\/\/berenypenztargep.hu\/index.php\/wp-json\/wp\/v2\/media?parent=169"}],"curies":[{"name":"wp","href":"https:\/\/api.w.org\/{rel}","templated":true}]}}