{"id":4,"date":"2016-09-02T19:29:36","date_gmt":"2016-09-02T19:29:36","guid":{"rendered":"http:\/\/jaszkonyvtar.hu\/site4\/?page_id=4"},"modified":"2016-09-16T13:03:29","modified_gmt":"2016-09-16T13:03:29","slug":"penztargepek","status":"publish","type":"page","link":"https:\/\/berenypenztargep.hu\/index.php\/penztargepek\/","title":{"rendered":"P\u00e9nzt\u00e1rg\u00e9pek"},"content":{"rendered":"<ul>\n<li><a href=\"https:\/\/berenypenztargep.hu\/index.php\/penztargepek\/dp-25eu-c10-penztargep\/\">DP-25 EU C10<\/a><\/li>\n<li><a href=\"https:\/\/berenypenztargep.hu\/index.php\/penztargepek\/fiscal-online-touch-erintokepernyos-penztargep\/\">FISCAL Online Touch<\/a><\/li>\n<li><a href=\"https:\/\/berenypenztargep.hu\/index.php\/micra-jota-m-s-penztargep\/\">Micra Jota M-S<\/a><\/li>\n<li><a href=\"https:\/\/berenypenztargep.hu\/index.php\/micra-mini-m-s\/\">Micra Mini M-S<\/a><\/li>\n<li><a href=\"https:\/\/berenypenztargep.hu\/index.php\/micra-nano-m\/\">Micra Nano M<\/a><\/li>\n<li><a href=\"https:\/\/berenypenztargep.hu\/index.php\/micra-sento-m\/\">Micra Sento M<\/a><\/li>\n<li><a href=\"https:\/\/berenypenztargep.hu\/index.php\/penztargepek\/nr-240\/\">NR-240<\/a><\/li>\n<li><a href=\"https:\/\/berenypenztargep.hu\/index.php\/nr-270-2\/\">NR-270<\/a><\/li>\n<li><a href=\"https:\/\/berenypenztargep.hu\/index.php\/nr-300\/\">NR-300<\/a><\/li>\n<li><a href=\"https:\/\/berenypenztargep.hu\/index.php\/cascube\/\">CasCube<\/a><\/li>\n<\/ul>\n","protected":false},"excerpt":{"rendered":"<p>DP-25 EU C10 FISCAL Online Touch Micra Jota M-S Micra Mini M-S Micra Nano M Micra Sento M NR-240 NR-270 NR-300 CasCube<\/p>\n","protected":false},"author":1,"featured_media":0,"parent":0,"menu_order":0,"comment_status":"closed","ping_status":"closed","template":"","meta":{"footnotes":""},"class_list":["post-4","page","type-page","status-publish","hentry"],"_links":{"self":[{"href":"https:\/\/berenypenztargep.hu\/index.php\/wp-json\/wp\/v2\/pages\/4"}],"collection":[{"href":"https:\/\/berenypenztargep.hu\/index.php\/wp-json\/wp\/v2\/pages"}],"about":[{"href":"https:\/\/berenypenztargep.hu\/index.php\/wp-json\/wp\/v2\/types\/page"}],"author":[{"embeddable":true,"href":"https:\/\/berenypenztargep.hu\/index.php\/wp-json\/wp\/v2\/users\/1"}],"replies":[{"embeddable":true,"href":"https:\/\/berenypenztargep.hu\/index.php\/wp-json\/wp\/v2\/comments?post=4"}],"version-history":[{"count":8,"href":"https:\/\/berenypenztargep.hu\/index.php\/wp-json\/wp\/v2\/pages\/4\/revisions"}],"predecessor-version":[{"id":143,"href":"https:\/\/berenypenztargep.hu\/index.php\/wp-json\/wp\/v2\/pages\/4\/revisions\/143"}],"wp:attachment":[{"href":"https:\/\/berenypenztargep.hu\/index.php\/wp-json\/wp\/v2\/media?parent=4"}],"curies":[{"name":"wp","href":"https:\/\/api.w.org\/{rel}","templated":true}]}}