{"id":68,"date":"2016-09-09T17:51:16","date_gmt":"2016-09-09T17:51:16","guid":{"rendered":"http:\/\/jaszkonyvtar.hu\/site4\/?page_id=68"},"modified":"2016-09-16T12:45:21","modified_gmt":"2016-09-16T12:45:21","slug":"micra-jota-m-s-penztargep","status":"publish","type":"page","link":"https:\/\/berenypenztargep.hu\/index.php\/micra-jota-m-s-penztargep\/","title":{"rendered":"Micra Jota M-S p\u00e9nzt\u00e1rg\u00e9p"},"content":{"rendered":"<p><img loading=\"lazy\" decoding=\"async\" src=\"https:\/\/berenypenztargep.hu\/wp-content\/uploads\/2016\/09\/jota.jpg\" alt=\"Micra Jota\" width=\"400\" height=\"320\" \/><\/p>\n<p class=\"western\"><strong><span style=\"font-family: georgia,palatino,serif; font-size: 12pt;\">TERM\u00c9KLE\u00cdR\u00c1S<\/span><\/strong><\/p>\n<p style=\"text-align: justify;\"><span style=\"font-family: georgia,palatino,serif; font-size: 12pt;\">K\u00f6zepes m\u00e9ret\u0171, nagy forgalm\u00fa \u00e9lelmiszerboltok, hentes\u00fczletek, cukr\u00e1szd\u00e1k, p\u00e9ks\u00e9gek \u00e9s kis vend\u00e9gl\u0151k sz\u00e1m\u00e1ra aj\u00e1nlott p\u00e9nzt\u00e1rg\u00e9p. Massz\u00edv h\u00e1z, k\u00e9nyelmes billenty\u0171zet, k\u00f6nnyed\u00e9n leolvashat\u00f3 grafikus kijelz\u0151 jellemzik, tov\u00e1bbi k\u00e9sz\u00fcl\u00e9kek k\u00f6nnyed\u00e9n csatlakoztathat\u00f3k. Hossz\u00fa, gazdas\u00e1gos 80 m\u00e9teres p\u00e9nzt\u00e1rg\u00e9pszalag, j\u00f3l olvashat\u00f3 sz\u00e1mla (57 mm). Az easy load rendszernek k\u00f6sz\u00f6nhet\u0151en (bet\u00f6lt\u00e9s, lez\u00e1r\u00e1s, nyomtat\u00e1s) pillanatok alatt kicser\u00e9lhet\u0151 a pap\u00edrtekercs. Sz\u00e1mos k\u00fcl\u00f6nb\u00f6z\u0151 jelent\u00e9sek k\u00f6z\u00fcl lehet v\u00e1lasztani.<\/span><\/p>\n<hr \/>\n<p class=\"western\"><strong><span style=\"font-family: georgia,palatino,serif; font-size: 12pt;\">SPECIFIK\u00c1CI\u00d3<\/span><\/strong><\/p>\n<ul>\n<li><span style=\"font-family: georgia,palatino,serif; font-size: 12pt;\">Micra Eco Max ut\u00f3dja<\/span><\/li>\n<li><span style=\"font-family: georgia,palatino,serif; font-size: 12pt;\">Gy\u0171jt\u0151s \u00e9s vonalk\u00f3dos \u00e9rt\u00e9kes\u00edt\u00e9s<\/span><\/li>\n<li><span style=\"font-family: georgia,palatino,serif; font-size: 12pt;\">PC, mint kiterjesztett vev\u0151t\u00f6rzs, illetve cikkt\u00f6rzs mem\u00f3ria haszn\u00e1lata<\/span><\/li>\n<li><span style=\"font-family: georgia,palatino,serif; font-size: 12pt;\">Korl\u00e1tlan PLU kezel\u00e9se PC -vel<\/span><\/li>\n<li><span style=\"font-family: georgia,palatino,serif; font-size: 12pt;\">Vonalk\u00f3d olvas\u00f3, m\u00e9rleg, k\u00fcls\u0151 vev\u0151kijelz\u0151, p\u00e9nzt\u00e1rg\u00e9p fi\u00f3k csatlakoztat\u00e1si lehet\u0151s\u00e9g<\/span><\/li>\n<li><span style=\"font-family: georgia,palatino,serif; font-size: 12pt;\">Akkumul\u00e1toros m\u0171k\u00f6d\u00e9s<\/span><\/li>\n<\/ul>\n<p><strong><span style=\"font-family: georgia,palatino,serif; font-size: 12pt;\">AMIT HANGS\u00daLYOZNI \u00c9RDEMES<\/span><\/strong><\/p>\n<ul>\n<li><span style=\"font-family: georgia,palatino,serif; font-size: 12pt;\">Open PLU \u2013 a p\u00e9nzt\u00e1rg\u00e9p \u00e1ru adatb\u00e1zis\u00e1nak korl\u00e1tlan b\u0151v\u00edt\u00e9se<\/span><\/li>\n<li><span style=\"font-family: georgia,palatino,serif; font-size: 12pt;\">Az eladand\u00f3 \u00e1rut megszok\u00e1st\u00f3l f\u00fcgg\u0151en az adatb\u00e1zisban szerepl\u0151 sz\u00e1m, n\u00e9v, vonalk\u00f3d vagy a beprogramozott billenty\u0171 seg\u00edts\u00e9g\u00e9vel lehet kiv\u00e1lasztani<\/span><\/li>\n<li><span style=\"font-family: georgia,palatino,serif; font-size: 12pt;\">Defini\u00e1lhat\u00f3 billenty\u0171k a gyors elad\u00e1s, fizet\u00e9s, kedvezm\u00e9nyek, jelent\u00e9sek illetve tov\u00e1bbi sz\u00fcks\u00e9ges funkci\u00f3khoz (6 db funkcion\u00e1lis billenty\u0171).<\/span><\/li>\n<\/ul>\n<p><strong><span style=\"font-family: georgia,palatino,serif; font-size: 12pt;\">A P\u00c9NZT\u00c1RG\u00c9P EL\u0150NYEI<\/span><\/strong><\/p>\n<ol>\n<li><span style=\"font-family: georgia,palatino,serif; font-size: 12pt;\">K\u00e9szletkezel\u0151 h\u00e1tt\u00e9rprogrammal val\u00f3 egy\u00fcttm\u0171k\u00f6d\u00e9se a Micra Eco Max p\u00e9nzt\u00e1rg\u00e9pn\u00e9l m\u00e1r bizony\u00edtott. A gy\u00e1ri driver-el illesztett \u00fcgyviteli rendszert nem kell k\u00fcl\u00f6n enged\u00e9lyeztetni!<\/span><\/li>\n<li><span style=\"font-family: georgia,palatino,serif; font-size: 12pt;\">Alfanumerikus, programozhat\u00f3 billenty\u0171zet<\/span><\/li>\n<li><span style=\"font-family: georgia,palatino,serif; font-size: 12pt;\">\u201cV\u00e1ltoz\u00f3 \u00e1r\u201d opci\u00f3 a kiv\u00e1lasztott term\u00e9kekhez<\/span><\/li>\n<li><span style=\"font-family: georgia,palatino,serif; font-size: 12pt;\">Kedvezm\u00e9nyek kiszolg\u00e1l\u00e1sa<\/span><\/li>\n<li><span style=\"font-family: georgia,palatino,serif; font-size: 12pt;\">A sz\u00e1mla lez\u00e1r\u00e1sa el\u0151tt a t\u00e9telek \u00e1tn\u00e9zhet\u0151k, jav\u00edthat\u00f3k vagy t\u00f6r\u00f6lhet\u0151k<\/span><\/li>\n<li><span style=\"font-family: georgia,palatino,serif; font-size: 12pt;\">Csatolt elad\u00e1s azokhoz a term\u00e9kekhez, melyeket egy\u00fctt szok\u00e1s eladni (ital+g\u00f6ngy\u00f6leg)<\/span><\/li>\n<li><span style=\"font-family: georgia,palatino,serif; font-size: 12pt;\">Egyszerre t\u00f6bb m\u00e9rleg kiszolg\u00e1l\u00e1sa (a k\u00fcl\u00f6nb\u00f6z\u0151 pultok eset\u00e9ben)<\/span><\/li>\n<li><span style=\"font-family: georgia,palatino,serif; font-size: 12pt;\">Visszav\u00e1lthat\u00f3 g\u00f6ngy\u00f6legek elad\u00e1sa \u00e9s visszav\u00e9tele<\/span><\/li>\n<li><span style=\"font-family: georgia,palatino,serif; font-size: 12pt;\">\u201cEgyedi mentes\u00edtett m\u00f3d\u201d \u2013 a p\u00e9nzt\u00e1rg\u00e9p akkor is dolgozik, ha nincs el\u00e9rhet\u0151 mobilh\u00e1l\u00f3zat<\/span><\/li>\n<li><span style=\"font-family: georgia,palatino,serif; font-size: 12pt;\">12 k\u00f6zvetlen\u00fcl eladhat\u00f3 term\u00e9kcsoport.<\/span><\/li>\n<\/ol>\n<p><strong><span style=\"font-family: georgia,palatino,serif; font-size: 12pt;\">A P\u00c9NZT\u00c1RG\u00c9P PARAM\u00c9TEREI<\/span><\/strong><\/p>\n<ul>\n<li><span style=\"font-family: georgia,palatino,serif; font-size: 12pt;\">PLU sz\u00e1m: \u00a0\u00a0 8.179<\/span><\/li>\n<li><span style=\"font-family: georgia,palatino,serif; font-size: 12pt;\">P\u00e9nzt\u00e1rosok sz\u00e1ma: \u00a0\u00a0 30<\/span><\/li>\n<li><span style=\"font-family: georgia,palatino,serif; font-size: 12pt;\">\u00c1rucikk gy\u0171jt\u0151k sz\u00e1ma: \u00a0\u00a0 12<\/span><\/li>\n<li><span style=\"font-family: georgia,palatino,serif; font-size: 12pt;\">Csatolt \u00e1rucikkek: \u00a0\u00a0 256<\/span><\/li>\n<\/ul>\n<p><strong><span style=\"font-family: georgia,palatino,serif; font-size: 12pt;\">NYOMTAT\u00d3 MECHANIZMUS<\/span><\/strong><\/p>\n<ul>\n<li><span style=\"font-family: georgia,palatino,serif; font-size: 12pt;\">Fajt\u00e1ja: \u00a0\u00a0 termikus<\/span><\/li>\n<li><span style=\"font-family: georgia,palatino,serif; font-size: 12pt;\">T\u00edpusa: \u00a0\u00a0 Seiko<\/span><\/li>\n<li><span style=\"font-family: georgia,palatino,serif; font-size: 12pt;\">Nyomtat\u00e1si sebess\u00e9g: \u00a0\u00a0 21 sor\/ m\u00e1sodperc<\/span><\/li>\n<li><span style=\"font-family: georgia,palatino,serif; font-size: 12pt;\">Pap\u00edrsz\u00e9less\u00e9g\/hossz: \u00a0\u00a0 57.5 mm \/ 60m<\/span><\/li>\n<\/ul>\n<p><strong><span style=\"font-family: georgia,palatino,serif; font-size: 12pt;\">BILLENTY\u0170ZET<\/span><\/strong><\/p>\n<ul>\n<li><span style=\"font-family: georgia,palatino,serif; font-size: 12pt;\">Fajt\u00e1ja: \u00a0\u00a0 alfanumerikus, programozhat\u00f3, cherry<\/span><\/li>\n<li><span style=\"font-family: georgia,palatino,serif; font-size: 12pt;\">Billenty\u0171k sz\u00e1ma: \u00a0\u00a0 34<\/span><\/li>\n<li><span style=\"font-family: georgia,palatino,serif; font-size: 12pt;\">Gyorselad\u00e1s billenty\u0171k sz\u00e1ma: \u00a0\u00a0 24<\/span><\/li>\n<\/ul>\n<p><strong><span style=\"font-family: georgia,palatino,serif; font-size: 12pt;\">KIJELZ\u0150K<\/span><\/strong><\/p>\n<ul>\n<li><span style=\"font-family: georgia,palatino,serif; font-size: 12pt;\">Elad\u00f3oldali kijelz\u0151: \u00a0\u00a0 alfanumerikus LCD, h\u00e1tt\u00e9rvil\u00e1g\u00edt\u00e1ssal, 2 x 24 karakter + kassza \u00e1llapotjelz\u0151 (akkumul\u00e1tor \u00e1llapot\u00e1nak \u00e9s a GSM jeler\u0151ss\u00e9g\u00e9nek mutat\u00e1sa)<\/span><\/li>\n<li><span style=\"font-family: georgia,palatino,serif; font-size: 12pt;\">Vev\u0151oldali kijelz\u0151: \u00a0\u00a0 alfanumerikus LCD, h\u00e1tt\u00e9rvil\u00e1g\u00edt\u00e1ssal<\/span><\/li>\n<li><span style=\"font-family: georgia,palatino,serif; font-size: 12pt;\">Portok: \u00a0\u00a0 RJ 12 (3x); RJ 45; PS\/2; USB; mini USB (AEE)<\/span><\/li>\n<li><span style=\"font-family: georgia,palatino,serif; font-size: 12pt;\">K\u00fcls\u0151 eszk\u00f6z\u00f6kkel val\u00f3 egy\u00fcttm\u0171k\u00f6d\u00e9s: \u00a0\u00a0 fi\u00f3k; m\u00e9rleg; vonalk\u00f3d olvas\u00f3; PC; m\u00e1sodkijelz\u0151<\/span><\/li>\n<\/ul>\n<p><strong><span style=\"font-family: georgia,palatino,serif; font-size: 12pt;\">T\u00c1PELL\u00c1T\u00c1S<\/span><\/strong><\/p>\n<ul>\n<li><span style=\"font-family: georgia,palatino,serif; font-size: 12pt;\">H\u00e1l\u00f3zati: \u00a0\u00a0 k\u00fcls\u0151 12V t\u00e1pegys\u00e9g<\/span><\/li>\n<li><span style=\"font-family: georgia,palatino,serif; font-size: 12pt;\">M\u00e1sodlagos \u00e1ramforr\u00e1s: \u00a0\u00a0 bels\u0151 akkumul\u00e1tor<\/span><\/li>\n<li><span style=\"font-family: georgia,palatino,serif; font-size: 12pt;\">Alternat\u00edv: \u00a0\u00a0 12\/24 V aut\u00f3s t\u00e1pk\u00e1bel<\/span><\/li>\n<\/ul>\n<p><strong><span style=\"font-family: georgia,palatino,serif; font-size: 12pt;\">M\u00c9RETEK<\/span><\/strong><\/p>\n<ul>\n<li><span style=\"font-family: georgia,palatino,serif; font-size: 12pt;\">Sz\u00e9less\u00e9g x m\u00e9lys\u00e9g x magass\u00e1g (mm)\u00a0\u00a0 \u00a0240 x 240 x 115<\/span><\/li>\n<\/ul>\n","protected":false},"excerpt":{"rendered":"<p>TERM\u00c9KLE\u00cdR\u00c1S K\u00f6zepes m\u00e9ret\u0171, nagy forgalm\u00fa \u00e9lelmiszerboltok, hentes\u00fczletek, cukr\u00e1szd\u00e1k, p\u00e9ks\u00e9gek \u00e9s kis vend\u00e9gl\u0151k sz\u00e1m\u00e1ra aj\u00e1nlott p\u00e9nzt\u00e1rg\u00e9p. Massz\u00edv h\u00e1z, k\u00e9nyelmes billenty\u0171zet, k\u00f6nnyed\u00e9n leolvashat\u00f3 grafikus kijelz\u0151 jellemzik, tov\u00e1bbi k\u00e9sz\u00fcl\u00e9kek k\u00f6nnyed\u00e9n csatlakoztathat\u00f3k. Hossz\u00fa, gazdas\u00e1gos 80 m\u00e9teres p\u00e9nzt\u00e1rg\u00e9pszalag, j\u00f3l olvashat\u00f3 sz\u00e1mla (57 mm). Az easy load rendszernek k\u00f6sz\u00f6nhet\u0151en (bet\u00f6lt\u00e9s, lez\u00e1r\u00e1s, nyomtat\u00e1s) pillanatok alatt kicser\u00e9lhet\u0151 a pap\u00edrtekercs. Sz\u00e1mos k\u00fcl\u00f6nb\u00f6z\u0151 jelent\u00e9sek k\u00f6z\u00fcl [&hellip;]<\/p>\n","protected":false},"author":1,"featured_media":0,"parent":0,"menu_order":0,"comment_status":"closed","ping_status":"closed","template":"","meta":{"footnotes":""},"class_list":["post-68","page","type-page","status-publish","hentry"],"_links":{"self":[{"href":"https:\/\/berenypenztargep.hu\/index.php\/wp-json\/wp\/v2\/pages\/68"}],"collection":[{"href":"https:\/\/berenypenztargep.hu\/index.php\/wp-json\/wp\/v2\/pages"}],"about":[{"href":"https:\/\/berenypenztargep.hu\/index.php\/wp-json\/wp\/v2\/types\/page"}],"author":[{"embeddable":true,"href":"https:\/\/berenypenztargep.hu\/index.php\/wp-json\/wp\/v2\/users\/1"}],"replies":[{"embeddable":true,"href":"https:\/\/berenypenztargep.hu\/index.php\/wp-json\/wp\/v2\/comments?post=68"}],"version-history":[{"count":6,"href":"https:\/\/berenypenztargep.hu\/index.php\/wp-json\/wp\/v2\/pages\/68\/revisions"}],"predecessor-version":[{"id":146,"href":"https:\/\/berenypenztargep.hu\/index.php\/wp-json\/wp\/v2\/pages\/68\/revisions\/146"}],"wp:attachment":[{"href":"https:\/\/berenypenztargep.hu\/index.php\/wp-json\/wp\/v2\/media?parent=68"}],"curies":[{"name":"wp","href":"https:\/\/api.w.org\/{rel}","templated":true}]}}