{"id":76,"date":"2016-09-09T18:12:14","date_gmt":"2016-09-09T18:12:14","guid":{"rendered":"http:\/\/jaszkonyvtar.hu\/site4\/?page_id=76"},"modified":"2016-09-16T12:52:16","modified_gmt":"2016-09-16T12:52:16","slug":"micra-mini-m-s","status":"publish","type":"page","link":"https:\/\/berenypenztargep.hu\/index.php\/micra-mini-m-s\/","title":{"rendered":"Micra Mini M-S"},"content":{"rendered":"<p><img loading=\"lazy\" decoding=\"async\" src=\"https:\/\/berenypenztargep.hu\/wp-content\/uploads\/2016\/09\/minis.jpg\" alt=\"Micra Mini M-S\" width=\"400\" height=\"320\" \/><\/p>\n<p class=\"western\"><strong><span style=\"font-family: georgia,palatino,serif;\">TERM\u00c9KLE\u00cdR\u00c1S<\/span><\/strong><\/p>\n<p style=\"text-align: justify;\"><span style=\"font-family: georgia,palatino,serif;\">A Micra Mini egy kicsi \u00e9s nagyon k\u00f6nnyen kezelhet\u0151 p\u00e9nzt\u00e1rg\u00e9p, mely f\u0151k\u00e9nt szolg\u00e1ltat\u00f3k \u00e9s kis kereskedelmi egys\u00e9gek sz\u00e1m\u00e1ra aj\u00e1nlott. Kis m\u00e9ret\u00e9nek \u00e9s s\u00faly\u00e1nak, tov\u00e1bb\u00e1 a csatlakoztathat\u00f3 k\u00e9sz\u00fcl\u00e9keknek k\u00f6sz\u00f6nhet\u0151en kiv\u00e1l\u00f3an alkalmas \u00e1lland\u00f3 p\u00e9nzt\u00e1rg\u00e9pnek, de ak\u00e1r g\u00e9pkocsiban is \u00fczemeltethet\u0151.<\/span><\/p>\n<hr \/>\n<p class=\"western\"><strong><span style=\"font-family: georgia,palatino,serif;\">SPECIFIK\u00c1CI\u00d3<\/span><\/strong><\/p>\n<ul>\n<li><span style=\"font-family: georgia,palatino,serif;\">Micra Eco Prof ut\u00f3dja<\/span><\/li>\n<li><span style=\"font-family: georgia,palatino,serif;\">Gy\u0171jt\u0151s \u00e9s vonalk\u00f3dos \u00e9rt\u00e9kes\u00edt\u00e9s<\/span><\/li>\n<li><span style=\"font-family: georgia,palatino,serif;\">Csak a p\u00e9nzt\u00e1rg\u00e9p bels\u0151 mem\u00f3ri\u00e1j\u00e1nak haszn\u00e1lata, maximum 8179 PLU kezel\u00e9se<\/span><\/li>\n<li><span style=\"font-family: georgia,palatino,serif;\">Vonalk\u00f3dolvas\u00f3, m\u00e9rleg, k\u00fcls\u0151 vev\u0151kijelz\u0151, p\u00e9nzt\u00e1rg\u00e9p fi\u00f3k csatlakoztat\u00e1si lehet\u0151s\u00e9g<\/span><\/li>\n<li><span style=\"font-family: georgia,palatino,serif;\">PC -t\u0151l is teljesen f\u00fcggetlen\u00fcl haszn\u00e1lhat\u00f3<\/span><\/li>\n<li><span style=\"font-family: georgia,palatino,serif;\">Akkumul\u00e1toros m\u0171k\u00f6d\u00e9s.<\/span><\/li>\n<\/ul>\n<p><strong><span style=\"font-family: georgia,palatino,serif;\">AMIT HANGS\u00daLYOZNI \u00c9RDEMES<\/span><\/strong><\/p>\n<ul>\n<li><span style=\"font-family: georgia,palatino,serif;\">Az easy load rendszernek k\u00f6sz\u00f6nhet\u0151en (bet\u00f6lt\u00e9s, lez\u00e1r\u00e1s, nyomtat\u00e1s) pillanatok alatt kicser\u00e9lhet\u0151 a pap\u00edrtekercs<\/span><\/li>\n<li><span style=\"font-family: georgia,palatino,serif;\">Nyomtat\u00e1s sebess\u00e9ge 21 sor\/m\u00e1sodperc<\/span><\/li>\n<li><span style=\"font-family: georgia,palatino,serif;\">Ak\u00e1r g\u00e9pkocsiban is \u00fczemeltethet\u0151.<\/span><\/li>\n<\/ul>\n<p><strong><span style=\"font-family: georgia,palatino,serif;\">A P\u00c9NZT\u00c1RG\u00c9P EL\u0150NYEI<\/span><\/strong><br \/>\n<span style=\"font-family: georgia,palatino,serif;\"> 1. K\u00e9szletkezel\u0151 h\u00e1tt\u00e9rprogrammal val\u00f3 egy\u00fcttm\u0171k\u00f6d\u00e9se a Micra Eco Prof p\u00e9nzt\u00e1rg\u00e9pn\u00e9l m\u00e1r bizony\u00edtott. A gy\u00e1ri driver-el illesztett \u00fcgyviteli rendszert nem kell k\u00fcl\u00f6n enged\u00e9lyeztetni!<\/span><br \/>\n<span style=\"font-family: georgia,palatino,serif;\"> 2. Alfanumerikus, programozhat\u00f3 billenty\u0171zet.<\/span><br \/>\n<span style=\"font-family: georgia,palatino,serif;\"> 3. Gyorselad\u00e1s gombok defini\u00e1l\u00e1sa.<\/span><br \/>\n<span style=\"font-family: georgia,palatino,serif;\"> 4. Intuit\u00edv keres\u00e9s az \u00e1ruadatb\u00e1zisban.<\/span><br \/>\n<span style=\"font-family: georgia,palatino,serif;\"> 5. R\u00e9szletes jelent\u00e9sek l\u00e9trehoz\u00e1sa az elsz\u00e1mol\u00e1sokhoz.<\/span><br \/>\n<span style=\"font-family: georgia,palatino,serif;\"> 6. \u201cEgyedi mentes\u00edtett m\u00f3d\u201d \u2013 a p\u00e9nzt\u00e1rg\u00e9p akkor is dolgozik, ha nincs el\u00e9rhet\u0151 mobilh\u00e1l\u00f3zat.<\/span><br \/>\n<span style=\"font-family: georgia,palatino,serif;\"> 7. A kih\u00fazhat\u00f3 \u00e9s cser\u00e9lhet\u0151 billenty\u0171zet feliratok lehet\u0151v\u00e9 teszik a billenty\u0171k egy\u00e9ni elnevez\u00e9s\u00e9t.<\/span><br \/>\n<span style=\"font-family: georgia,palatino,serif;\"> 8. Kipr\u00f3b\u00e1lt, hibamentes megold\u00e1s.<\/span><br \/>\n<span style=\"font-family: georgia,palatino,serif;\"> 9. K\u00f6nnyen tiszt\u00e1ntarthat\u00f3 p\u00e9nzt\u00e1rg\u00e9p.<\/span><\/p>\n<p><strong><span style=\"font-family: georgia,palatino,serif;\">A P\u00c9NZT\u00c1RG\u00c9P PARAM\u00c9TEREI<\/span><\/strong><\/p>\n<ul>\n<li><span style=\"font-family: georgia,palatino,serif;\">PLU sz\u00e1m: \u00a0\u00a0 8.000<\/span><\/li>\n<li><span style=\"font-family: georgia,palatino,serif;\">P\u00e9nzt\u00e1rosok sz\u00e1ma: \u00a0\u00a0 30<\/span><\/li>\n<li><span style=\"font-family: georgia,palatino,serif;\">\u00c1rucikk gy\u0171jt\u0151k sz\u00e1ma: \u00a0\u00a0 12<\/span><\/li>\n<li><span style=\"font-family: georgia,palatino,serif;\">Csatolt \u00e1rucikkek: \u00a0\u00a0 256<\/span><\/li>\n<\/ul>\n<p><strong><span style=\"font-family: georgia,palatino,serif;\">NYOMTAT\u00d3 MECHANIZMUS<\/span><\/strong><\/p>\n<ul>\n<li><span style=\"font-family: georgia,palatino,serif;\">Fajt\u00e1ja: \u00a0\u00a0 termikus<\/span><\/li>\n<li><span style=\"font-family: georgia,palatino,serif;\">T\u00edpusa: \u00a0\u00a0 Seiko<\/span><\/li>\n<li><span style=\"font-family: georgia,palatino,serif;\">Nyomtat\u00e1si sebess\u00e9g: \u00a0\u00a0 21 sor\/ m\u00e1sodperc<\/span><\/li>\n<li><span style=\"font-family: georgia,palatino,serif;\">Pap\u00edrsz\u00e9less\u00e9g\/hossz: \u00a0\u00a0 57.5 mm \/ 40m<\/span><\/li>\n<\/ul>\n<p><strong><span style=\"font-family: georgia,palatino,serif;\">BILLENTY\u0170ZET<\/span><\/strong><\/p>\n<ul>\n<li><span style=\"font-family: georgia,palatino,serif;\">Fajt\u00e1ja: \u00a0\u00a0 alfanumerikus, programozhat\u00f3, cherry<\/span><\/li>\n<li><span style=\"font-family: georgia,palatino,serif;\">Billenty\u0171k sz\u00e1ma: \u00a0\u00a0 30<\/span><\/li>\n<li><span style=\"font-family: georgia,palatino,serif;\">Gyorselad\u00e1s billenty\u0171k sz\u00e1ma: \u00a0\u00a0 8<\/span><\/li>\n<\/ul>\n<p><strong><span style=\"font-family: georgia,palatino,serif;\">KIJELZ\u0150K<\/span><\/strong><\/p>\n<ul>\n<li><span style=\"font-family: georgia,palatino,serif;\">Elad\u00f3oldali kijelz\u0151: \u00a0\u00a0 alfanumerikus, h\u00e1tt\u00e9rvil\u00e1g\u00edt\u00e1ssal, <\/span><span style=\"font-family: georgia,palatino,serif;\">LCD, 2\u00d724 karakter<\/span><\/li>\n<li><span style=\"font-family: georgia,palatino,serif;\">Vev\u0151oldali kijelz\u0151: \u00a0\u00a0 LED, 8 sz\u00e1mjegy<\/span><\/li>\n<li><span style=\"font-family: georgia,palatino,serif;\">Portok: \u00a0\u00a0 mini Jack; RJ 12; RJ 45; PS\/2; Mini USB (AEE)<\/span><\/li>\n<li><span style=\"font-family: georgia,palatino,serif;\">K\u00fcls\u0151 eszk\u00f6z\u00f6kkel val\u00f3 egy\u00fcttm\u0171k\u00f6d\u00e9s: \u00a0\u00a0 fi\u00f3k; m\u00e9rleg vagy m\u00e1sodkijelz\u0151; vonalk\u00f3d olvas\u00f3; PC<\/span><\/li>\n<\/ul>\n<p><strong><span style=\"font-family: georgia,palatino,serif;\">T\u00c1PELL\u00c1T\u00c1S<\/span><\/strong><\/p>\n<ul>\n<li><span style=\"font-family: georgia,palatino,serif;\">H\u00e1l\u00f3zati: \u00a0\u00a0 k\u00fcls\u0151 12V t\u00e1pegys\u00e9g<\/span><\/li>\n<li><span style=\"font-family: georgia,palatino,serif;\">M\u00e1sodlagos \u00e1ramforr\u00e1s: \u00a0\u00a0 bels\u0151 akkumul\u00e1tor<\/span><\/li>\n<li><span style=\"font-family: georgia,palatino,serif;\">Alternat\u00edv: \u00a0\u00a0 12V aut\u00f3s t\u00e1pk\u00e1bel<\/span><\/li>\n<\/ul>\n<p><strong><span style=\"font-family: georgia,palatino,serif;\">M\u00c9RETEK<\/span><\/strong><\/p>\n<ul>\n<li><span style=\"font-family: georgia,palatino,serif;\">Sz\u00e9less\u00e9g x m\u00e9lys\u00e9g x magass\u00e1g (mm): \u00a0\u00a0 195 x 205 x 77<\/span><\/li>\n<li><span style=\"font-family: georgia,palatino,serif;\">S\u00faly: \u00a0\u00a0 1,10 kg<\/span><\/li>\n<\/ul>\n","protected":false},"excerpt":{"rendered":"<p>TERM\u00c9KLE\u00cdR\u00c1S A Micra Mini egy kicsi \u00e9s nagyon k\u00f6nnyen kezelhet\u0151 p\u00e9nzt\u00e1rg\u00e9p, mely f\u0151k\u00e9nt szolg\u00e1ltat\u00f3k \u00e9s kis kereskedelmi egys\u00e9gek sz\u00e1m\u00e1ra aj\u00e1nlott. Kis m\u00e9ret\u00e9nek \u00e9s s\u00faly\u00e1nak, tov\u00e1bb\u00e1 a csatlakoztathat\u00f3 k\u00e9sz\u00fcl\u00e9keknek k\u00f6sz\u00f6nhet\u0151en kiv\u00e1l\u00f3an alkalmas \u00e1lland\u00f3 p\u00e9nzt\u00e1rg\u00e9pnek, de ak\u00e1r g\u00e9pkocsiban is \u00fczemeltethet\u0151. SPECIFIK\u00c1CI\u00d3 Micra Eco Prof ut\u00f3dja Gy\u0171jt\u0151s \u00e9s vonalk\u00f3dos \u00e9rt\u00e9kes\u00edt\u00e9s Csak a p\u00e9nzt\u00e1rg\u00e9p bels\u0151 mem\u00f3ri\u00e1j\u00e1nak haszn\u00e1lata, maximum 8179 [&hellip;]<\/p>\n","protected":false},"author":1,"featured_media":0,"parent":0,"menu_order":0,"comment_status":"closed","ping_status":"closed","template":"","meta":{"footnotes":""},"class_list":["post-76","page","type-page","status-publish","hentry"],"_links":{"self":[{"href":"https:\/\/berenypenztargep.hu\/index.php\/wp-json\/wp\/v2\/pages\/76"}],"collection":[{"href":"https:\/\/berenypenztargep.hu\/index.php\/wp-json\/wp\/v2\/pages"}],"about":[{"href":"https:\/\/berenypenztargep.hu\/index.php\/wp-json\/wp\/v2\/types\/page"}],"author":[{"embeddable":true,"href":"https:\/\/berenypenztargep.hu\/index.php\/wp-json\/wp\/v2\/users\/1"}],"replies":[{"embeddable":true,"href":"https:\/\/berenypenztargep.hu\/index.php\/wp-json\/wp\/v2\/comments?post=76"}],"version-history":[{"count":5,"href":"https:\/\/berenypenztargep.hu\/index.php\/wp-json\/wp\/v2\/pages\/76\/revisions"}],"predecessor-version":[{"id":147,"href":"https:\/\/berenypenztargep.hu\/index.php\/wp-json\/wp\/v2\/pages\/76\/revisions\/147"}],"wp:attachment":[{"href":"https:\/\/berenypenztargep.hu\/index.php\/wp-json\/wp\/v2\/media?parent=76"}],"curies":[{"name":"wp","href":"https:\/\/api.w.org\/{rel}","templated":true}]}}